{"id":19,"date":"2017-09-16T13:54:29","date_gmt":"2017-09-16T12:54:29","guid":{"rendered":"http:\/\/augenarztpraxis-sanft.de\/?page_id=19"},"modified":"2018-05-24T07:57:59","modified_gmt":"2018-05-24T06:57:59","slug":"impressum","status":"publish","type":"page","link":"http:\/\/augenarztpraxis-sanft.de\/?page_id=19","title":{"rendered":"Impressum\/Datenschutz"},"content":{"rendered":"<div class=\"entry-content\">\n<h3><strong>IMPRESSUM<\/strong><\/h3>\n<p><strong>Urheberrechtsvermerk<\/strong><\/p>\n<p>Diese Website und alle durch sie umfassten Dateien sowie alle in ihr enthaltenen Informationen unterliegen dem Urheberrecht. Das Urheberrecht aller Beitr\u00e4ge und Fotos liegt \u2013 soweit nicht anders angegeben \u2013 bei Dr. Ulrike Sanft und Oliver Gerhard.<\/p>\n<p><strong>Disclaimer<\/strong><\/p>\n<p>Alle externen Links auf dieser Website wurden mit viel Sorgfalt ausgew\u00e4hlt und werden regelm\u00e4\u00dfig \u00fcberpr\u00fcft. Trotzdem sei ausdr\u00fccklich betont, da\u00df wir keinerlei Einflu\u00df auf die Gestaltung und die Inhalte der gelinkten Seiten haben. Sollte sich trotz aller Sorgfalt herausstellen, dass diese Links Zugang zu unethischen oder rechtswidrigen Inhalten bieten, distanzieren wir uns hiermit von diesen Inhalten.<\/p>\n<p><strong>Verantwortlich (V.i.S.d.P.)<br \/>\n<\/strong><\/p>\n<p>Dr. Ulrike Sanft<br \/>\nTegnerstr. 1<br \/>\n10439 Berlin<br \/>\nTel. 030-444 10 01<\/p>\n<h3><strong>DATENSCHUTZ-ERKL\u00c4RUNG<\/strong><\/h3>\n<p>Mit dieser Datenschutzerkl\u00e4rung m\u00f6chten wir Sie dar\u00fcber informieren, wie wir personenbezogene Daten verarbeiten. Wir sind uns bewusst, welche Bedeutung die Verarbeitung personenbezogener Daten f\u00fcr den betroffenen Nutzer hat und beachten dementsprechend alle einschl\u00e4gigen gesetzlichen Vorgaben.<\/p>\n<p>Die Nutzung unserer Webseite ist in der Regel ohne Angabe personenbezogener Daten m\u00f6glich. Soweit auf unseren Seiten personenbezogene Daten (beispielsweise Name, Anschrift oder E-Mail-Adressen) erhoben werden, erfolgt dies, soweit m\u00f6glich, stets auf freiwilliger Basis. Diese Daten werden ohne Ihre ausdr\u00fcckliche Zustimmung nicht an Dritte weitergegeben.<\/p>\n<p>Wir weisen darauf hin, dass die Daten\u00fcbertragung im Internet (z.B. bei der Kommunikation per E-Mail) Sicherheitsl\u00fccken aufweisen kann. Ein l\u00fcckenloser Schutz der Daten vor dem Zugriff durch Dritte ist nicht m\u00f6glich.<\/p>\n<p>Verantwortlich im Sinne der Datenschutzgesetze, insbesondere der EU-Datenschutzgrundverordnung (DSGVO), ist Dr. Ulrike Sanft, Tegnerstr. 1, 10439 Berlin.<\/p>\n<p><strong>Server-Log-Files<\/strong><\/p>\n<p>Ihr Besuch unserer Internetpr\u00e4senz wird automatisch protokolliert. Erfasst werden die aktuell von Ihrem PC verwendete IP-Adresse, Datum und Uhrzeit, der Browsertyp und das Betriebssystem ihres PCs sowie die von Ihnen betrachteten Seiten. Ein Personenbezug ist dabei nicht m\u00f6glich. Eine sonstige Auswertung der Daten, mit Ausnahme f\u00fcr statistische Zwecke in anonymisierter Form, erfolgt nicht.<\/p>\n<p><strong>Verwendung Ihrer personenbezogenen Daten<\/strong><\/p>\n<p>Die personenbezogenen Daten, die Sie uns \u00fcber eine Webseite mitteilen (z. B. Name, Adresse oder E-Mail-Adresse) werden nur zur Korrespondenz mit Ihnen und nur f\u00fcr den Zweck verarbeitet, zum dem Sie uns die Daten zur Verf\u00fcgung gestellt haben. Sie k\u00f6nnen die Nutzung personenbezogener Daten jederzeit widersprechen.<\/p>\n<p><strong>Cookies<\/strong><\/p>\n<p>Diese Internetseiten verwenden teilweise so genannte Cookies. Cookies richten auf Ihrem Rechner keinen Schaden an und enthalten keine Viren. Cookies dienen dazu, unser Angebot nutzerfreundlicher, effektiver und sicherer zu machen. Cookies sind kleine Textdateien, die auf Ihrem Rechner abgelegt werden und die Ihr Browser speichert.<\/p>\n<p>Die meisten der von uns verwendeten Cookies sind so genannte \u201eSession-Cookies\u201c. Sie werden nach Ende Ihres Besuchs automatisch gel\u00f6scht. Andere Cookies bleiben auf Ihrem Endger\u00e4t gespeichert, bis Sie diese l\u00f6schen. Diese Cookies erm\u00f6glichen es uns, Ihren Browser beim n\u00e4chsten Besuch wiederzuerkennen.<\/p>\n<p>Sie k\u00f6nnen Ihren Browser so einstellen, dass Sie \u00fcber das Setzen von Cookies informiert werden und Cookies nur im Einzelfall erlauben, die Annahme von Cookies f\u00fcr bestimmte F\u00e4lle oder generell ausschlie\u00dfen sowie das automatische L\u00f6schen der Cookies beim Schlie\u00dfen des Browser aktivieren. Bei der Deaktivierung von Cookies kann die Funktionalit\u00e4t dieser Website eingeschr\u00e4nkt sein.<\/p>\n<p><strong>Datenschutzerkl\u00e4rung f\u00fcr die Nutzung von WordPress Stats<\/strong><\/p>\n<p>Diese Website nutzt das WordPress Tool Stats um Besucherzugriffe statistisch auszuwerten. Anbieter ist die Automattic Inc., 60 29th Street #343, San Francisco, CA 94110-4929, USA. WordPress Stats verwendet Cookies, die auf Ihrem Computer gespeichert werden und die eine Analyse der Benutzung der Website erlauben. Die durch die Cookies generierten Informationen \u00fcber die Benutzung unserer Webseite werden auf Servern in den USA gespeichert. Ihre IP-Adresse wird nach der Verarbeitung und vor der Speicherung anonymisiert. Sie k\u00f6nnen Ihren Browser so einstellen, dass Sie \u00fcber das Setzen von Cookies informiert werden und Cookies nur im Einzelfall erlauben, die Annahme von Cookies f\u00fcr bestimmte F\u00e4lle oder generell ausschlie\u00dfen sowie das automatische L\u00f6schen der Cookies beim Schlie\u00dfen des Browsers aktivieren. Bei der Deaktivierung von Cookies kann die Funktionalit\u00e4t unserer Webseite eingeschr\u00e4nkt sein.<\/p>\n<p><strong>Ihre Betroffenenrechte<\/strong><\/p>\n<p>Unter den angegebenen Kontaktdaten k\u00f6nnen Sie jederzeit folgende Rechte aus\u00fcben:<\/p>\n<ul>\n<li>Auskunft \u00fcber Ihre bei uns gespeicherten Daten und deren Verarbeitung,<\/li>\n<li>Berichtigung unrichtiger personenbezogener Daten,<\/li>\n<li>L\u00f6schung Ihrer bei uns gespeicherten Daten,<\/li>\n<li>Einschr\u00e4nkung der Datenverarbeitung, sofern wir Ihre Daten aufgrund gesetzlicher Pflichten noch nicht l\u00f6schen d\u00fcrfen,<\/li>\n<li>Widerspruch gegen die Verarbeitung Ihrer Daten bei uns und<\/li>\n<li>Daten\u00fcbertragbarkeit, sofern Sie in die Datenverarbeitung eingewilligt haben oder einen Vertrag mit uns abgeschlossen haben.<\/li>\n<\/ul>\n<p>Sofern Sie uns eine Einwilligung erteilt haben, k\u00f6nnen Sie diese jederzeit mit Wirkung f\u00fcr die Zukunft widerrufen.<\/p>\n<p>Sie k\u00f6nnen sich jederzeit mit einer Beschwerde an die f\u00fcr Sie zust\u00e4ndige Aufsichtsbeh\u00f6rde wenden. Ihre zust\u00e4ndige Aufsichtsbeh\u00f6rde richtet sich nach dem Bundesland Ihres Wohnsitzes, Ihrer Arbeit oder der mutma\u00dflichen Verletzung. Eine Liste der Aufsichtsbeh\u00f6rden (f\u00fcr den nicht\u00f6ffentlichen Bereich) mit Anschrift finden Sie unter: <a href=\"https:\/\/www.bfdi.bund.de\/DE\/Infothek\/Anschriften_Links\/anschriften_links-node.html\">https:\/\/www.bfdi.bund.de\/DE\/Infothek\/Anschriften_Links\/anschriften_links-node.html<\/a>.<\/p>\n<p><strong>Stand dieser Datenschutzerkl\u00e4rung<\/strong><br \/>\n24. Mai 2018<\/p>\n<p>Wir behalten uns vor, diese Datenschutzerkl\u00e4rung jederzeit mit Wirkung f\u00fcr die Zukunft zu \u00e4ndern.<\/p>\n<\/div>\n","protected":false},"excerpt":{"rendered":"<p>IMPRESSUM Urheberrechtsvermerk Diese Website und alle durch sie umfassten Dateien sowie alle in ihr enthaltenen Informationen unterliegen dem Urheberrecht. Das Urheberrecht aller Beitr\u00e4ge und Fotos liegt \u2013 soweit nicht anders angegeben \u2013 bei Dr. Ulrike Sanft und Oliver Gerhard. Disclaimer Alle externen Links auf dieser Website wurden mit viel Sorgfalt ausgew\u00e4hlt und werden regelm\u00e4\u00dfig \u00fcberpr\u00fcft. &hellip; <a href=\"http:\/\/augenarztpraxis-sanft.de\/?page_id=19\" class=\"more-link\"><span class=\"screen-reader-text\">\u201eImpressum\/Datenschutz\u201c <\/span>weiterlesen<\/a><\/p>\n","protected":false},"author":1,"featured_media":0,"parent":0,"menu_order":0,"comment_status":"closed","ping_status":"closed","template":"","meta":{"footnotes":""},"class_list":["post-19","page","type-page","status-publish","hentry"],"_links":{"self":[{"href":"http:\/\/augenarztpraxis-sanft.de\/index.php?rest_route=\/wp\/v2\/pages\/19","targetHints":{"allow":["GET"]}}],"collection":[{"href":"http:\/\/augenarztpraxis-sanft.de\/index.php?rest_route=\/wp\/v2\/pages"}],"about":[{"href":"http:\/\/augenarztpraxis-sanft.de\/index.php?rest_route=\/wp\/v2\/types\/page"}],"author":[{"embeddable":true,"href":"http:\/\/augenarztpraxis-sanft.de\/index.php?rest_route=\/wp\/v2\/users\/1"}],"replies":[{"embeddable":true,"href":"http:\/\/augenarztpraxis-sanft.de\/index.php?rest_route=%2Fwp%2Fv2%2Fcomments&post=19"}],"version-history":[{"count":3,"href":"http:\/\/augenarztpraxis-sanft.de\/index.php?rest_route=\/wp\/v2\/pages\/19\/revisions"}],"predecessor-version":[{"id":27,"href":"http:\/\/augenarztpraxis-sanft.de\/index.php?rest_route=\/wp\/v2\/pages\/19\/revisions\/27"}],"wp:attachment":[{"href":"http:\/\/augenarztpraxis-sanft.de\/index.php?rest_route=%2Fwp%2Fv2%2Fmedia&parent=19"}],"curies":[{"name":"wp","href":"https:\/\/api.w.org\/{rel}","templated":true}]}}